{"id":3162,"date":"2024-06-09T10:33:29","date_gmt":"2024-06-09T08:33:29","guid":{"rendered":"https:\/\/bajamont.com\/?page_id=3162"},"modified":"2025-10-28T09:55:06","modified_gmt":"2025-10-28T08:55:06","slug":"artisans","status":"publish","type":"page","link":"https:\/\/bajamont.com\/index.php\/artisans\/","title":{"rendered":"Artisans"},"content":{"rendered":"\t\t<div data-elementor-type=\"wp-page\" data-elementor-id=\"3162\" class=\"elementor elementor-3162\" data-elementor-post-type=\"page\">\n\t\t\t\t\t\t<section class=\"elementor-section elementor-top-section elementor-element elementor-element-96b1f8d elementor-section-boxed elementor-section-height-default elementor-section-height-default wpr-particle-no wpr-jarallax-no wpr-parallax-no wpr-sticky-section-no wpr-equal-height-no\" data-id=\"96b1f8d\" data-element_type=\"section\" data-e-type=\"section\" data-settings=\"{&quot;background_background&quot;:&quot;classic&quot;}\">\n\t\t\t\t\t\t\t<div class=\"elementor-background-overlay\"><\/div>\n\t\t\t\t\t\t\t<div class=\"elementor-container elementor-column-gap-default\">\n\t\t\t\t\t<div class=\"elementor-column elementor-col-100 elementor-top-column elementor-element elementor-element-b8e1683\" data-id=\"b8e1683\" data-element_type=\"column\" data-e-type=\"column\">\n\t\t\t<div class=\"elementor-widget-wrap elementor-element-populated\">\n\t\t\t\t\t\t<div class=\"elementor-element elementor-element-e2ee10f elementor-widget elementor-widget-heading\" data-id=\"e2ee10f\" data-element_type=\"widget\" data-e-type=\"widget\" data-widget_type=\"heading.default\">\n\t\t\t\t<div class=\"elementor-widget-container\">\n\t\t\t\t\t<h2 class=\"elementor-heading-title elementor-size-default\">Nos artisans<\/h2>\t\t\t\t<\/div>\n\t\t\t\t<\/div>\n\t\t\t\t<div class=\"elementor-element elementor-element-724a9d6 elementor-widget elementor-widget-text-editor\" data-id=\"724a9d6\" data-element_type=\"widget\" data-e-type=\"widget\" data-widget_type=\"text-editor.default\">\n\t\t\t\t<div class=\"elementor-widget-container\">\n\t\t\t\t\t\t\t\t\t<p>Voici nos artisans de la commune.<\/p>\t\t\t\t\t\t\t\t<\/div>\n\t\t\t\t<\/div>\n\t\t\t\t\t<\/div>\n\t\t<\/div>\n\t\t\t\t\t<\/div>\n\t\t<\/section>\n\t\t<div class=\"elementor-element elementor-element-45ecbb5 e-flex e-con-boxed wpr-particle-no wpr-jarallax-no wpr-parallax-no wpr-sticky-section-no wpr-equal-height-no elementor-invisible e-con e-parent\" data-id=\"45ecbb5\" data-element_type=\"container\" data-e-type=\"container\" data-settings=\"{&quot;animation&quot;:&quot;fadeInRight&quot;}\">\n\t\t\t\t\t<div class=\"e-con-inner\">\n\t\t<div class=\"elementor-element elementor-element-244d902 e-con-full e-flex wpr-particle-no wpr-jarallax-no wpr-parallax-no wpr-sticky-section-no wpr-equal-height-no e-con e-child\" data-id=\"244d902\" data-element_type=\"container\" data-e-type=\"container\" data-settings=\"{&quot;background_background&quot;:&quot;classic&quot;}\">\n\t\t<div class=\"elementor-element elementor-element-552348b e-con-full e-flex wpr-particle-no wpr-jarallax-no wpr-parallax-no wpr-sticky-section-no wpr-equal-height-no e-con e-child\" data-id=\"552348b\" data-element_type=\"container\" data-e-type=\"container\">\n\t\t<div class=\"elementor-element elementor-element-caccbaf e-con-full e-flex wpr-particle-no wpr-jarallax-no wpr-parallax-no wpr-sticky-section-no wpr-equal-height-no e-con e-child\" data-id=\"caccbaf\" data-element_type=\"container\" data-e-type=\"container\">\n\t\t\t\t<div class=\"elementor-element elementor-element-8cab857 elementor-widget elementor-widget-heading\" data-id=\"8cab857\" data-element_type=\"widget\" data-e-type=\"widget\" data-widget_type=\"heading.default\">\n\t\t\t\t<div class=\"elementor-widget-container\">\n\t\t\t\t\t<h2 class=\"elementor-heading-title elementor-size-default\">L'accueil de la Mairie<\/h2>\t\t\t\t<\/div>\n\t\t\t\t<\/div>\n\t\t\t\t<div class=\"elementor-element elementor-element-841de6f elementor-icon-list--layout-traditional elementor-list-item-link-full_width elementor-widget elementor-widget-icon-list\" data-id=\"841de6f\" data-element_type=\"widget\" data-e-type=\"widget\" data-widget_type=\"icon-list.default\">\n\t\t\t\t<div class=\"elementor-widget-container\">\n\t\t\t\t\t\t\t<ul class=\"elementor-icon-list-items\">\n\t\t\t\t\t\t\t<li class=\"elementor-icon-list-item\">\n\t\t\t\t\t\t\t\t\t\t\t<span class=\"elementor-icon-list-icon\">\n\t\t\t\t\t\t\t<svg aria-hidden=\"true\" class=\"e-font-icon-svg e-fas-phone-alt\" viewBox=\"0 0 512 512\" xmlns=\"http:\/\/www.w3.org\/2000\/svg\"><path d=\"M497.39 361.8l-112-48a24 24 0 0 0-28 6.9l-49.6 60.6A370.66 370.66 0 0 1 130.6 204.11l60.6-49.6a23.94 23.94 0 0 0 6.9-28l-48-112A24.16 24.16 0 0 0 122.6.61l-104 24A24 24 0 0 0 0 48c0 256.5 207.9 464 464 464a24 24 0 0 0 23.4-18.6l24-104a24.29 24.29 0 0 0-14.01-27.6z\"><\/path><\/svg>\t\t\t\t\t\t<\/span>\n\t\t\t\t\t\t\t\t\t\t<span class=\"elementor-icon-list-text\">05 53 95 62 48<\/span>\n\t\t\t\t\t\t\t\t\t<\/li>\n\t\t\t\t\t\t\t\t<li class=\"elementor-icon-list-item\">\n\t\t\t\t\t\t\t\t\t\t\t<span class=\"elementor-icon-list-icon\">\n\t\t\t\t\t\t\t<svg aria-hidden=\"true\" class=\"e-font-icon-svg e-fas-envelope\" viewBox=\"0 0 512 512\" xmlns=\"http:\/\/www.w3.org\/2000\/svg\"><path d=\"M502.3 190.8c3.9-3.1 9.7-.2 9.7 4.7V400c0 26.5-21.5 48-48 48H48c-26.5 0-48-21.5-48-48V195.6c0-5 5.7-7.8 9.7-4.7 22.4 17.4 52.1 39.5 154.1 113.6 21.1 15.4 56.7 47.8 92.2 47.6 35.7.3 72-32.8 92.3-47.6 102-74.1 131.6-96.3 154-113.7zM256 320c23.2.4 56.6-29.2 73.4-41.4 132.7-96.3 142.8-104.7 173.4-128.7 5.8-4.5 9.2-11.5 9.2-18.9v-19c0-26.5-21.5-48-48-48H48C21.5 64 0 85.5 0 112v19c0 7.4 3.4 14.3 9.2 18.9 30.6 23.9 40.7 32.4 173.4 128.7 16.8 12.2 50.2 41.8 73.4 41.4z\"><\/path><\/svg>\t\t\t\t\t\t<\/span>\n\t\t\t\t\t\t\t\t\t\t<span class=\"elementor-icon-list-text\">accueil.mairie@bajamont.com<\/span>\n\t\t\t\t\t\t\t\t\t<\/li>\n\t\t\t\t\t\t\t\t<li class=\"elementor-icon-list-item\">\n\t\t\t\t\t\t\t\t\t\t\t<span class=\"elementor-icon-list-icon\">\n\t\t\t\t\t\t\t<svg aria-hidden=\"true\" class=\"e-font-icon-svg e-fas-map-marker-alt\" viewBox=\"0 0 384 512\" xmlns=\"http:\/\/www.w3.org\/2000\/svg\"><path d=\"M172.268 501.67C26.97 291.031 0 269.413 0 192 0 85.961 85.961 0 192 0s192 85.961 192 192c0 77.413-26.97 99.031-172.268 309.67-9.535 13.774-29.93 13.773-39.464 0zM192 272c44.183 0 80-35.817 80-80s-35.817-80-80-80-80 35.817-80 80 35.817 80 80 80z\"><\/path><\/svg>\t\t\t\t\t\t<\/span>\n\t\t\t\t\t\t\t\t\t\t<span class=\"elementor-icon-list-text\">H\u00f4tel de ville \u00e0 Bajamont 47480 Bajamont<\/span>\n\t\t\t\t\t\t\t\t\t<\/li>\n\t\t\t\t\t\t<\/ul>\n\t\t\t\t\t\t<\/div>\n\t\t\t\t<\/div>\n\t\t\t\t<\/div>\n\t\t\t\t<\/div>\n\t\t\t\t<\/div>\n\t\t\t\t\t<\/div>\n\t\t\t\t<\/div>\n\t\t<div class=\"elementor-element elementor-element-b0d4597 e-flex e-con-boxed wpr-particle-no wpr-jarallax-no wpr-parallax-no wpr-sticky-section-no wpr-equal-height-no e-con e-parent\" data-id=\"b0d4597\" data-element_type=\"container\" data-e-type=\"container\">\n\t\t\t\t\t<div class=\"e-con-inner\">\n\t\t<div class=\"elementor-element elementor-element-6905329 e-con-full e-flex wpr-particle-no wpr-jarallax-no wpr-parallax-no wpr-sticky-section-no wpr-equal-height-no e-con e-child\" data-id=\"6905329\" data-element_type=\"container\" data-e-type=\"container\" data-settings=\"{&quot;background_background&quot;:&quot;classic&quot;}\">\n\t\t<div class=\"elementor-element elementor-element-12a98c2 e-con-full e-flex wpr-particle-no wpr-jarallax-no wpr-parallax-no wpr-sticky-section-no wpr-equal-height-no e-con e-child\" data-id=\"12a98c2\" data-element_type=\"container\" data-e-type=\"container\">\n\t\t\t\t<div class=\"elementor-element elementor-element-560bfa7 elementor-widget elementor-widget-html\" data-id=\"560bfa7\" data-element_type=\"widget\" data-e-type=\"widget\" data-widget_type=\"html.default\">\n\t\t\t\t<div class=\"elementor-widget-container\">\n\t\t\t\t\t<table>\n    <thead>\n        <tr>\n            <th>\ud83d\udcac Nom<\/th>\n            <th>\ud83d\udcbc Service<\/th>\n            <th>\ud83d\udccc Adresse<\/th>\n            <th>\ud83d\udcde Coordonn\u00e9es<\/th>\n        <\/tr>\n    <\/thead>\n    <tbody>\n        <tr>\n            <td>Virginie WAGDI<\/td>\n            <td>Pension du D\u00f4me Chat\u2019oyant<\/td>\n            <td>1449 route de Sabat\u00e9<\/td>\n            <td>06 46 46 72 25<\/td>\n        <\/tr>\n        <tr>\n            <td>Lucille PRION<\/td>\n            <td>Assistante maternelle<\/td>\n            <td>325 chemin des Trois Voleurs<\/td>\n            <td>06 49 19 94 71 <br>lucille.prion.assmat@gmail.com<\/td>\n        <\/tr>\n        <tr>\n            <td>Mme Nantou<\/td>\n            <td>Locations \u00e0 l'ann\u00e9e<\/td>\n            <td>245 all\u00e9e Sainte Gemme<\/td>\n            <td>06 11 31 49 88<\/td>\n        <\/tr>\n        <tr>\n            <td>Barran Daniel<\/td>\n            <td>Bois de chauffage<\/td>\n            <td>Serres<\/td>\n            <td>06 25 40 37 64<\/td>\n        <\/tr>\n        <tr>\n            <td>Delgado Mickael<\/td>\n            <td>Moniteur - guide de p\u00eache<\/td>\n            <td>587 route de Saint Foy<\/td>\n            <td>06 72 70 83 39<\/td>\n        <\/tr>\n        <tr>\n            <td>Garage Bajamont<\/td>\n            <td>Garages automobiles Moustel<\/td>\n            <td>Garages automobiles Moustel<\/td>\n            <td>05 53 67 92 77 | 06 98 69 62 73<\/td>\n        <\/tr>\n        <tr>\n            <td>Icard Mael<\/td>\n            <td>Elagage abattage<\/td>\n            <td>Preceptis<\/td>\n            <td>06 79 07 60 33<\/td>\n        <\/tr>\n        <tr>\n            <td>ATELIER MOURGUES<\/td>\n            <td>PEINTURE D'INTERIEUR PEINTURE DECORATIVE<\/td>\n            <td>All\u00e9e de Sainte Gemme - 47480 BAJAMONT<\/td>\n            <td>06 59 30 74 38<\/td>\n        <\/tr>\n        <tr>\n            <td>Marquillo Didier<\/td>\n            <td>Transport - Transport d'enfants handicap\u00e9s.<\/td>\n            <td>Miroiterie 2490 route de Cahors<\/td>\n            <td>06 10 60 92 37<\/td>\n        <\/tr>\n        <tr>\n            <td>Mel's ongles<\/td>\n            <td>Styliste Ongulaire<\/td>\n            <td>117 chemin des 3 voleurs<\/td>\n            <td>06 86 01 51 30<\/td>\n        <\/tr>\n        <tr>\n            <td>Meunier Alain<\/td>\n            <td>Vente, installation de chauffage, plombier<\/td>\n            <td>391 route du moulin de Calabet<\/td>\n            <td>05 53 47 97 55, 06 73 79 72 84<\/td>\n        <\/tr>\n        <tr>\n            <td>Vidalou Audrey<\/td>\n            <td>Elevage porcin<\/td>\n            <td>203 chemin de Pigassou<\/td>\n            <td>06 21 99 25 89<\/td>\n        <\/tr>\n        <tr>\n            <td>Taurrisson Alain<\/td>\n            <td>Entreprises d'\u00e9lectricit\u00e9 g\u00e9n\u00e9rale<\/td>\n            <td>Poulbiac<\/td>\n            <td>06 88 32 72 37<\/td>\n        <\/tr>\n        <tr>\n            <td>La Garde pile de Fichou<\/td>\n            <td>Chambres d'hotes<\/td>\n            <td>894 c\u00f4te de la Belette - Fichou<\/td>\n            <td>06 08 25 59 65<\/td>\n        <\/tr>\n        <tr>\n            <td>Rigouli Marion<\/td>\n            <td>Pensions chevaux<\/td>\n            <td>245 all\u00e9e Sainte gemmes<\/td>\n            <td>06 82 14 47 93<\/td>\n        <\/tr>\n    <\/tbody>\n<\/table>\n\t\t\t\t<\/div>\n\t\t\t\t<\/div>\n\t\t\t\t<\/div>\n\t\t\t\t<\/div>\n\t\t\t\t\t<\/div>\n\t\t\t\t<\/div>\n\t\t<div class=\"elementor-element elementor-element-85b444f e-flex e-con-boxed wpr-particle-no wpr-jarallax-no wpr-parallax-no wpr-sticky-section-no wpr-equal-height-no e-con e-parent\" data-id=\"85b444f\" data-element_type=\"container\" data-e-type=\"container\">\n\t\t\t\t\t<div class=\"e-con-inner\">\n\t\t\t\t<div class=\"elementor-element elementor-element-3173c88 elementor-widget elementor-widget-google_maps\" data-id=\"3173c88\" data-element_type=\"widget\" data-e-type=\"widget\" data-widget_type=\"google_maps.default\">\n\t\t\t\t<div class=\"elementor-widget-container\">\n\t\t\t\t\t\t\t<div class=\"elementor-custom-embed\">\n\t\t\t<iframe loading=\"lazy\"\n\t\t\t\t\tsrc=\"https:\/\/maps.google.com\/maps?q=Mairie%20Bajamont&#038;t=m&#038;z=15&#038;output=embed&#038;iwloc=near\"\n\t\t\t\t\ttitle=\"Mairie Bajamont\"\n\t\t\t\t\taria-label=\"Mairie Bajamont\"\n\t\t\t><\/iframe>\n\t\t<\/div>\n\t\t\t\t\t\t<\/div>\n\t\t\t\t<\/div>\n\t\t\t\t\t<\/div>\n\t\t\t\t<\/div>\n\t\t\t\t<\/div>\n\t\t","protected":false},"excerpt":{"rendered":"<p>Nos artisans Voici nos artisans de la commune. L&rsquo;accueil de la Mairie 05 53 95 62 48 accueil.mairie@bajamont.com H\u00f4tel de ville \u00e0 Bajamont 47480 Bajamont \ud83d\udcac Nom \ud83d\udcbc Service \ud83d\udccc Adresse \ud83d\udcde Coordonn\u00e9es Virginie WAGDI Pension du D\u00f4me Chat\u2019oyant 1449 route de Sabat\u00e9 06 46 46 72 25 Lucille PRION Assistante maternelle 325 chemin des Trois Voleurs 06 49 19 94 71 lucille.prion.assmat@gmail.com Mme Nantou Locations \u00e0 l&rsquo;ann\u00e9e 245 all\u00e9e Sainte Gemme 06 11 31 49 88 Barran Daniel Bois de chauffage Serres 06 25 40 37 64 Delgado Mickael Moniteur &#8211; guide de p\u00eache 587 route de Saint Foy 06 72 70 83 39 Garage Bajamont Garages automobiles Moustel Garages automobiles Moustel 05 53 67 92 77 | 06 98 69 62 73 Icard Mael Elagage abattage Preceptis 06 79 07 60 33 ATELIER MOURGUES PEINTURE D&rsquo;INTERIEUR PEINTURE DECORATIVE All\u00e9e de Sainte Gemme &#8211; 47480 BAJAMONT 06 59 30 74 38 Marquillo Didier Transport &#8211; Transport d&rsquo;enfants handicap\u00e9s. Miroiterie 2490 route de Cahors 06 10 60 92 37 Mel&rsquo;s ongles Styliste Ongulaire 117 chemin des 3 voleurs 06 86 01 51 30 Meunier Alain Vente, installation de chauffage, plombier 391 route du moulin de Calabet 05 53 47 97 55, 06 73 79 72 84 Vidalou Audrey Elevage porcin 203 chemin de Pigassou 06 21 99 25 89 Taurrisson Alain Entreprises d&rsquo;\u00e9lectricit\u00e9 g\u00e9n\u00e9rale Poulbiac 06 88 32 72 37 La Garde pile de Fichou Chambres d&rsquo;hotes 894 c\u00f4te de la Belette &#8211; Fichou 06 08 25 59 65 Rigouli Marion Pensions chevaux 245 all\u00e9e Sainte gemmes 06 82 14 47 93<\/p>\n","protected":false},"author":1,"featured_media":0,"parent":0,"menu_order":0,"comment_status":"closed","ping_status":"closed","template":"elementor_canvas","meta":{"footnotes":""},"class_list":["post-3162","page","type-page","status-publish","hentry"],"_links":{"self":[{"href":"https:\/\/bajamont.com\/index.php\/wp-json\/wp\/v2\/pages\/3162","targetHints":{"allow":["GET"]}}],"collection":[{"href":"https:\/\/bajamont.com\/index.php\/wp-json\/wp\/v2\/pages"}],"about":[{"href":"https:\/\/bajamont.com\/index.php\/wp-json\/wp\/v2\/types\/page"}],"author":[{"embeddable":true,"href":"https:\/\/bajamont.com\/index.php\/wp-json\/wp\/v2\/users\/1"}],"replies":[{"embeddable":true,"href":"https:\/\/bajamont.com\/index.php\/wp-json\/wp\/v2\/comments?post=3162"}],"version-history":[{"count":22,"href":"https:\/\/bajamont.com\/index.php\/wp-json\/wp\/v2\/pages\/3162\/revisions"}],"predecessor-version":[{"id":4343,"href":"https:\/\/bajamont.com\/index.php\/wp-json\/wp\/v2\/pages\/3162\/revisions\/4343"}],"wp:attachment":[{"href":"https:\/\/bajamont.com\/index.php\/wp-json\/wp\/v2\/media?parent=3162"}],"curies":[{"name":"wp","href":"https:\/\/api.w.org\/{rel}","templated":true}]}}