{"id":3372,"date":"2024-08-30T10:12:21","date_gmt":"2024-08-30T08:12:21","guid":{"rendered":"https:\/\/bajamont.com\/?page_id=3372"},"modified":"2024-08-30T10:18:02","modified_gmt":"2024-08-30T08:18:02","slug":"mentions-legales","status":"publish","type":"page","link":"https:\/\/bajamont.com\/index.php\/mentions-legales\/","title":{"rendered":"Mentions L\u00e9gales"},"content":{"rendered":"\t\t<div data-elementor-type=\"wp-page\" data-elementor-id=\"3372\" class=\"elementor elementor-3372\" data-elementor-post-type=\"page\">\n\t\t\t\t\t\t<section class=\"elementor-section elementor-top-section elementor-element elementor-element-96b1f8d elementor-section-boxed elementor-section-height-default elementor-section-height-default wpr-particle-no wpr-jarallax-no wpr-parallax-no wpr-sticky-section-no wpr-equal-height-no\" data-id=\"96b1f8d\" data-element_type=\"section\" data-e-type=\"section\" data-settings=\"{&quot;background_background&quot;:&quot;classic&quot;}\">\n\t\t\t\t\t\t\t<div class=\"elementor-background-overlay\"><\/div>\n\t\t\t\t\t\t\t<div class=\"elementor-container elementor-column-gap-default\">\n\t\t\t\t\t<div class=\"elementor-column elementor-col-100 elementor-top-column elementor-element elementor-element-b8e1683\" data-id=\"b8e1683\" data-element_type=\"column\" data-e-type=\"column\">\n\t\t\t<div class=\"elementor-widget-wrap elementor-element-populated\">\n\t\t\t\t\t\t<div class=\"elementor-element elementor-element-e2ee10f elementor-widget elementor-widget-heading\" data-id=\"e2ee10f\" data-element_type=\"widget\" data-e-type=\"widget\" data-widget_type=\"heading.default\">\n\t\t\t\t<div class=\"elementor-widget-container\">\n\t\t\t\t\t<h2 class=\"elementor-heading-title elementor-size-default\">Mentions L\u00e9gales<\/h2>\t\t\t\t<\/div>\n\t\t\t\t<\/div>\n\t\t\t\t\t<\/div>\n\t\t<\/div>\n\t\t\t\t\t<\/div>\n\t\t<\/section>\n\t\t<div class=\"elementor-element elementor-element-b0d4597 e-flex e-con-boxed wpr-particle-no wpr-jarallax-no wpr-parallax-no wpr-sticky-section-no wpr-equal-height-no e-con e-parent\" data-id=\"b0d4597\" data-element_type=\"container\" data-e-type=\"container\">\n\t\t\t\t\t<div class=\"e-con-inner\">\n\t\t<div class=\"elementor-element elementor-element-6905329 e-con-full e-flex wpr-particle-no wpr-jarallax-no wpr-parallax-no wpr-sticky-section-no wpr-equal-height-no e-con e-child\" data-id=\"6905329\" data-element_type=\"container\" data-e-type=\"container\" data-settings=\"{&quot;background_background&quot;:&quot;classic&quot;}\">\n\t\t\t\t<div class=\"elementor-element elementor-element-7b5a2f8 elementor-widget elementor-widget-text-editor\" data-id=\"7b5a2f8\" data-element_type=\"widget\" data-e-type=\"widget\" data-widget_type=\"text-editor.default\">\n\t\t\t\t<div class=\"elementor-widget-container\">\n\t\t\t\t\t\t\t\t\t<p><strong style=\"color: var( --e-global-color-text ); font-family: var( --e-global-typography-text-font-family ), Sans-serif; text-align: var(--text-align); font-size: 1rem;\">1. Informations g\u00e9n\u00e9rales<\/strong><\/p><p><strong>Propri\u00e9taire du site :<\/strong><br \/>Commune de Bajamont<br \/>Adresse : Mairie de Bajamont, 47480 Bajamont, France<br \/>T\u00e9l\u00e9phone : 05.53.95.62.48<br \/>Email : <a rel=\"noopener\">accueil.mairie@bajamont.com<\/a><br \/>SIRET : 21470330800012<br \/>Directeur de la publication : Monsieur le Maire<\/p><p><strong>Conception et r\u00e9alisation du site :<\/strong><br \/>Pierre Legoux &#8211; Agence \u00ab\u00a0Legoux du Web\u00a0\u00bb<br \/>Adresse : Agen, 47000, France<br \/>T\u00e9l\u00e9phone : 07 80 98 20 93<br \/>Email : <a rel=\"noopener\">hello@pierrelegoux.fr<\/a><br \/>SIRET : 87776772300019<\/p><p><strong style=\"color: var( --e-global-color-text ); font-family: var( --e-global-typography-text-font-family ), Sans-serif; text-align: var(--text-align); font-size: 1rem;\">H\u00e9bergement du site :<\/strong><\/p><p>Hostinger<br \/>Adresse : Hostinger International Ltd., 61 Lordou Vironos Street, 6023 Larnaca, Chypre<br \/>Site Web : <a href=\"https:\/\/www.hostinger.fr\" target=\"_new\" rel=\"noopener\">https:\/\/www.hostinger.fr<\/a><\/p><p><strong style=\"color: var( --e-global-color-text ); font-family: var( --e-global-typography-text-font-family ), Sans-serif; text-align: var(--text-align); font-size: 1rem;\">\u00a0<\/strong><\/p><p><strong style=\"color: var( --e-global-color-text ); font-family: var( --e-global-typography-text-font-family ), Sans-serif; text-align: var(--text-align); font-size: 1rem;\">2. Propri\u00e9t\u00e9 intellectuelle<\/strong><\/p><p>Le contenu pr\u00e9sent sur ce site, incluant mais ne se limitant pas aux textes, images, vid\u00e9os, logos, graphismes, ic\u00f4nes, sons, logiciels, et tout autre \u00e9l\u00e9ment composant le site, est la propri\u00e9t\u00e9 exclusive de la Commune de Bajamont, sauf indication contraire. Toute reproduction, distribution, modification, adaptation, retransmission ou publication, m\u00eame partielle, de ces diff\u00e9rents \u00e9l\u00e9ments est strictement interdite sans l&rsquo;accord pr\u00e9alable \u00e9crit de la Commune de Bajamont.<\/p><p><strong>\u00a0<\/strong><\/p><p><strong>3. Protection des donn\u00e9es personnelles<\/strong><\/p><p>Conform\u00e9ment \u00e0 la loi n\u00b0 78-17 du 6 janvier 1978 relative \u00e0 l&rsquo;informatique, aux fichiers et aux libert\u00e9s, modifi\u00e9e, ainsi qu\u2019au R\u00e8glement G\u00e9n\u00e9ral sur la Protection des Donn\u00e9es (RGPD), vous disposez d&rsquo;un droit d&rsquo;acc\u00e8s, de rectification, de portabilit\u00e9, et d&rsquo;effacement de vos donn\u00e9es personnelles, ou de limitation du traitement. Pour exercer ces droits, vous pouvez adresser votre demande par courrier \u00e0 :<br \/>Commune de Bajamont<br \/>Adresse : Mairie de Bajamont, 47480 Bajamont, France<br \/>Ou par email \u00e0 : <a rel=\"noopener\">accueil.mairie@bajamont.com<\/a><\/p><p><strong>Finalit\u00e9 des traitements :<\/strong> Les donn\u00e9es collect\u00e9es sur ce site sont destin\u00e9es \u00e0 am\u00e9liorer l\u2019exp\u00e9rience utilisateur, r\u00e9pondre aux demandes de contact, et dans le cadre des obligations l\u00e9gales.<\/p><p><strong>Cookies :<\/strong> Ce site utilise des cookies pour optimiser votre navigation et r\u00e9aliser des statistiques de visites. En poursuivant votre navigation sur ce site, vous acceptez l&rsquo;utilisation de ces cookies.<\/p><p>\u00a0<\/p><p><strong>4. Responsabilit\u00e9<\/strong><\/p><p>La Commune de Bajamont s&rsquo;efforce d&rsquo;assurer l&rsquo;exactitude des informations diffus\u00e9es sur ce site. Cependant, elle ne saurait \u00eatre tenue pour responsable des erreurs ou omissions, ni des r\u00e9sultats qui pourraient \u00eatre obtenus par l&rsquo;usage de ces informations. La mairie se r\u00e9serve le droit de modifier, \u00e0 tout moment, les pr\u00e9sentes mentions l\u00e9gales.<\/p><p>Pierre Legoux et l&rsquo;agence \u00ab\u00a0Legoux du Web\u00a0\u00bb d\u00e9clinent toute responsabilit\u00e9 en cas de dysfonctionnement du site ou de dommages caus\u00e9s par l\u2019utilisation du r\u00e9seau Internet (virus, perte de donn\u00e9es, etc.).<\/p><p>\u00a0<\/p><p><strong>5. Liens hypertextes<\/strong><\/p><p>Le site de la Commune de Bajamont peut contenir des liens hypertextes vers d&rsquo;autres sites. La mairie ne peut \u00eatre tenue pour responsable du contenu de ces sites ni des pratiques de confidentialit\u00e9 des tiers qui en sont responsables.<\/p><p>\u00a0<\/p><p><strong>6. Droit applicable<\/strong><\/p><p>Les pr\u00e9sentes mentions l\u00e9gales sont r\u00e9gies par la loi fran\u00e7aise. En cas de litige, et \u00e0 d\u00e9faut de r\u00e9solution amiable, les tribunaux comp\u00e9tents seront de vigueur.<\/p><p>\u00a0<\/p><p><strong>7. Contact<\/strong><\/p><p>Pour toute question relative aux mentions l\u00e9gales du site ou pour toute demande de contact, veuillez vous adresser \u00e0 :<br \/>Commune de Bajamont<br \/>Adresse : Mairie de Bajamont, 47480 Bajamont, France<br \/>Email : <a rel=\"noopener\">accueil.mairie@bajamont.com<\/a><\/p>\t\t\t\t\t\t\t\t<\/div>\n\t\t\t\t<\/div>\n\t\t\t\t<\/div>\n\t\t\t\t\t<\/div>\n\t\t\t\t<\/div>\n\t\t<div class=\"elementor-element elementor-element-85b444f e-flex e-con-boxed wpr-particle-no wpr-jarallax-no wpr-parallax-no wpr-sticky-section-no wpr-equal-height-no e-con e-parent\" data-id=\"85b444f\" data-element_type=\"container\" data-e-type=\"container\">\n\t\t\t\t\t<div class=\"e-con-inner\">\n\t\t\t\t<div class=\"elementor-element elementor-element-3173c88 elementor-widget elementor-widget-google_maps\" data-id=\"3173c88\" data-element_type=\"widget\" data-e-type=\"widget\" data-widget_type=\"google_maps.default\">\n\t\t\t\t<div class=\"elementor-widget-container\">\n\t\t\t\t\t\t\t<div class=\"elementor-custom-embed\">\n\t\t\t<iframe loading=\"lazy\"\n\t\t\t\t\tsrc=\"https:\/\/maps.google.com\/maps?q=Mairie%20Bajamont&#038;t=m&#038;z=15&#038;output=embed&#038;iwloc=near\"\n\t\t\t\t\ttitle=\"Mairie Bajamont\"\n\t\t\t\t\taria-label=\"Mairie Bajamont\"\n\t\t\t><\/iframe>\n\t\t<\/div>\n\t\t\t\t\t\t<\/div>\n\t\t\t\t<\/div>\n\t\t\t\t\t<\/div>\n\t\t\t\t<\/div>\n\t\t<div class=\"elementor-element elementor-element-7380ffb e-flex e-con-boxed wpr-particle-no wpr-jarallax-no wpr-parallax-no wpr-sticky-section-no wpr-equal-height-no e-con e-parent\" data-id=\"7380ffb\" data-element_type=\"container\" data-e-type=\"container\">\n\t\t\t\t\t<div class=\"e-con-inner\">\n\t\t\t\t\t<\/div>\n\t\t\t\t<\/div>\n\t\t\t\t<\/div>\n\t\t","protected":false},"excerpt":{"rendered":"<p>Mentions L\u00e9gales 1. Informations g\u00e9n\u00e9rales Propri\u00e9taire du site :Commune de BajamontAdresse : Mairie de Bajamont, 47480 Bajamont, FranceT\u00e9l\u00e9phone : 05.53.95.62.48Email : accueil.mairie@bajamont.comSIRET : 21470330800012Directeur de la publication : Monsieur le Maire Conception et r\u00e9alisation du site :Pierre Legoux &#8211; Agence \u00ab\u00a0Legoux du Web\u00a0\u00bbAdresse : Agen, 47000, FranceT\u00e9l\u00e9phone : 07 80 98 20 93Email : hello@pierrelegoux.frSIRET : 87776772300019 H\u00e9bergement du site : HostingerAdresse : Hostinger International Ltd., 61 Lordou Vironos Street, 6023 Larnaca, ChypreSite Web : https:\/\/www.hostinger.fr \u00a0 2. Propri\u00e9t\u00e9 intellectuelle Le contenu pr\u00e9sent sur ce site, incluant mais ne se limitant pas aux textes, images, vid\u00e9os, logos, graphismes, ic\u00f4nes, sons, logiciels, et tout autre \u00e9l\u00e9ment composant le site, est la propri\u00e9t\u00e9 exclusive de la Commune de Bajamont, sauf indication contraire. Toute reproduction, distribution, modification, adaptation, retransmission ou publication, m\u00eame partielle, de ces diff\u00e9rents \u00e9l\u00e9ments est strictement interdite sans l&rsquo;accord pr\u00e9alable \u00e9crit de la Commune de Bajamont. \u00a0 3. Protection des donn\u00e9es personnelles Conform\u00e9ment \u00e0 la loi n\u00b0 78-17 du 6 janvier 1978 relative \u00e0 l&rsquo;informatique, aux fichiers et aux libert\u00e9s, modifi\u00e9e, ainsi qu\u2019au R\u00e8glement G\u00e9n\u00e9ral sur la Protection des Donn\u00e9es (RGPD), vous disposez d&rsquo;un droit d&rsquo;acc\u00e8s, de rectification, de portabilit\u00e9, et d&rsquo;effacement de vos donn\u00e9es personnelles, ou de limitation du traitement. Pour exercer ces droits, vous pouvez adresser votre demande par courrier \u00e0 :Commune de BajamontAdresse : Mairie de Bajamont, 47480 Bajamont, FranceOu par email \u00e0 : accueil.mairie@bajamont.com Finalit\u00e9 des traitements : Les donn\u00e9es collect\u00e9es sur ce site sont destin\u00e9es \u00e0 am\u00e9liorer l\u2019exp\u00e9rience utilisateur, r\u00e9pondre aux demandes de contact, et dans le cadre des obligations l\u00e9gales. Cookies : Ce site utilise des cookies pour optimiser votre navigation et r\u00e9aliser des statistiques de visites. En poursuivant votre navigation sur ce site, vous acceptez l&rsquo;utilisation de ces cookies. \u00a0 4. Responsabilit\u00e9 La Commune de Bajamont s&rsquo;efforce d&rsquo;assurer l&rsquo;exactitude des informations diffus\u00e9es sur ce site. Cependant, elle ne saurait \u00eatre tenue pour responsable des erreurs ou omissions, ni des r\u00e9sultats qui pourraient \u00eatre obtenus par l&rsquo;usage de ces informations. La mairie se r\u00e9serve le droit de modifier, \u00e0 tout moment, les pr\u00e9sentes mentions l\u00e9gales. Pierre Legoux et l&rsquo;agence \u00ab\u00a0Legoux du Web\u00a0\u00bb d\u00e9clinent toute responsabilit\u00e9 en cas de dysfonctionnement du site ou de dommages caus\u00e9s par l\u2019utilisation du r\u00e9seau Internet (virus, perte de donn\u00e9es, etc.). \u00a0 5. Liens hypertextes Le site de la Commune de Bajamont peut contenir des liens hypertextes vers d&rsquo;autres sites. La mairie ne peut \u00eatre tenue pour responsable du contenu de ces sites ni des pratiques de confidentialit\u00e9 des tiers qui en sont responsables. \u00a0 6. Droit applicable Les pr\u00e9sentes mentions l\u00e9gales sont r\u00e9gies par la loi fran\u00e7aise. En cas de litige, et \u00e0 d\u00e9faut de r\u00e9solution amiable, les tribunaux comp\u00e9tents seront de vigueur. \u00a0 7. Contact Pour toute question relative aux mentions l\u00e9gales du site ou pour toute demande de contact, veuillez vous adresser \u00e0 :Commune de BajamontAdresse : Mairie de Bajamont, 47480 Bajamont, FranceEmail : accueil.mairie@bajamont.com<\/p>\n","protected":false},"author":1,"featured_media":0,"parent":0,"menu_order":0,"comment_status":"closed","ping_status":"closed","template":"elementor_canvas","meta":{"footnotes":""},"class_list":["post-3372","page","type-page","status-publish","hentry"],"_links":{"self":[{"href":"https:\/\/bajamont.com\/index.php\/wp-json\/wp\/v2\/pages\/3372","targetHints":{"allow":["GET"]}}],"collection":[{"href":"https:\/\/bajamont.com\/index.php\/wp-json\/wp\/v2\/pages"}],"about":[{"href":"https:\/\/bajamont.com\/index.php\/wp-json\/wp\/v2\/types\/page"}],"author":[{"embeddable":true,"href":"https:\/\/bajamont.com\/index.php\/wp-json\/wp\/v2\/users\/1"}],"replies":[{"embeddable":true,"href":"https:\/\/bajamont.com\/index.php\/wp-json\/wp\/v2\/comments?post=3372"}],"version-history":[{"count":4,"href":"https:\/\/bajamont.com\/index.php\/wp-json\/wp\/v2\/pages\/3372\/revisions"}],"predecessor-version":[{"id":3376,"href":"https:\/\/bajamont.com\/index.php\/wp-json\/wp\/v2\/pages\/3372\/revisions\/3376"}],"wp:attachment":[{"href":"https:\/\/bajamont.com\/index.php\/wp-json\/wp\/v2\/media?parent=3372"}],"curies":[{"name":"wp","href":"https:\/\/api.w.org\/{rel}","templated":true}]}}