{"id":6,"date":"2023-09-06T14:08:22","date_gmt":"2023-09-06T12:08:22","guid":{"rendered":"https:\/\/demosites.royal-elementor-addons.com\/solar-energy-v1\/?page_id=6"},"modified":"2026-03-23T19:44:33","modified_gmt":"2026-03-23T18:44:33","slug":"home-solar-energy-v1","status":"publish","type":"page","link":"https:\/\/bajamont.com\/","title":{"rendered":"Home"},"content":{"rendered":"\t\t<div data-elementor-type=\"wp-page\" data-elementor-id=\"6\" class=\"elementor elementor-6\" data-elementor-post-type=\"page\">\n\t\t\t\t\t\t<section class=\"elementor-section elementor-top-section elementor-element elementor-element-dead6bc elementor-section-height-min-height elementor-section-boxed elementor-section-height-default elementor-section-items-middle wpr-particle-no wpr-jarallax-no wpr-parallax-no wpr-sticky-section-no\" data-id=\"dead6bc\" data-element_type=\"section\" data-e-type=\"section\" data-settings=\"{&quot;background_background&quot;:&quot;classic&quot;}\">\n\t\t\t\t\t\t\t<div class=\"elementor-background-overlay\"><\/div>\n\t\t\t\t\t\t\t<div class=\"elementor-container elementor-column-gap-default\">\n\t\t\t\t\t<div class=\"elementor-column elementor-col-100 elementor-top-column elementor-element elementor-element-3711de2 elementor-invisible\" data-id=\"3711de2\" data-element_type=\"column\" data-e-type=\"column\" data-settings=\"{&quot;background_background&quot;:&quot;classic&quot;,&quot;animation&quot;:&quot;fadeIn&quot;}\">\n\t\t\t<div class=\"elementor-widget-wrap elementor-element-populated\">\n\t\t\t\t\t\t<div class=\"elementor-element elementor-element-e871514 elementor-widget elementor-widget-heading\" data-id=\"e871514\" data-element_type=\"widget\" data-e-type=\"widget\" data-widget_type=\"heading.default\">\n\t\t\t\t<div class=\"elementor-widget-container\">\n\t\t\t\t\t<h2 class=\"elementor-heading-title elementor-size-default\">Bienvenue<\/h2>\t\t\t\t<\/div>\n\t\t\t\t<\/div>\n\t\t\t\t<div class=\"elementor-element elementor-element-2f9564a elementor-widget-divider--view-line elementor-widget elementor-widget-divider\" data-id=\"2f9564a\" data-element_type=\"widget\" data-e-type=\"widget\" data-widget_type=\"divider.default\">\n\t\t\t\t<div class=\"elementor-widget-container\">\n\t\t\t\t\t\t\t<div class=\"elementor-divider\">\n\t\t\t<span class=\"elementor-divider-separator\">\n\t\t\t\t\t\t<\/span>\n\t\t<\/div>\n\t\t\t\t\t\t<\/div>\n\t\t\t\t<\/div>\n\t\t\t\t<div class=\"elementor-element elementor-element-aaea39c wpr-fancy-text-rotate-1 elementor-widget__width-initial elementor-widget-mobile__width-auto wpr-advanced-text-style-animated elementor-widget elementor-widget-wpr-advanced-text\" data-id=\"aaea39c\" data-element_type=\"widget\" data-e-type=\"widget\" data-widget_type=\"wpr-advanced-text.default\">\n\t\t\t\t<div class=\"elementor-widget-container\">\n\t\t\t\t\t\n\t\t<h3 class=\"wpr-advanced-text\">\n\n\t\t\t\t\t\n\t\t\t\t\t\t\t<span class=\"wpr-advanced-text-preffix\">La commune de Bajamont <br><\/span>\n\t\t\t\n\t\t<span class=\"wpr-anim-text wpr-anim-text-type-rotate-1\" data-anim-duration=\"1000,2000\" data-anim-loop=\"\">\n\t\t\t<span class=\"wpr-anim-text-inner\">\n\t\t\t\t\t\t\t<\/span>\n\t\t\t\t\t<\/span>\n\n\t\t\t\t\n\t\t<\/h3>\n\t\t\n\t\t\t\t\t\t<\/div>\n\t\t\t\t<\/div>\n\t\t\t\t<div class=\"elementor-element elementor-element-c0b420c elementor-widget elementor-widget-text-editor\" data-id=\"c0b420c\" data-element_type=\"widget\" data-e-type=\"widget\" data-widget_type=\"text-editor.default\">\n\t\t\t\t<div class=\"elementor-widget-container\">\n\t\t\t\t\t\t\t\t\t<p><strong>Au coeur de la nature et de l&rsquo;Histoire.<\/strong><\/p>\t\t\t\t\t\t\t\t<\/div>\n\t\t\t\t<\/div>\n\t\t\t\t\t<\/div>\n\t\t<\/div>\n\t\t\t\t\t<\/div>\n\t\t<\/section>\n\t\t<div class=\"elementor-element elementor-element-ea9c2c5 e-flex e-con-boxed wpr-particle-no wpr-jarallax-no wpr-parallax-no wpr-sticky-section-no e-con e-parent\" data-id=\"ea9c2c5\" data-element_type=\"container\" data-e-type=\"container\">\n\t\t\t\t\t<div class=\"e-con-inner\">\n\t\t\t\t<div class=\"elementor-element elementor-element-6e5dfca elementor-widget elementor-widget-heading\" data-id=\"6e5dfca\" data-element_type=\"widget\" data-e-type=\"widget\" data-widget_type=\"heading.default\">\n\t\t\t\t<div class=\"elementor-widget-container\">\n\t\t\t\t\t<h2 class=\"elementor-heading-title elementor-size-default\">Les derni\u00e8res actus<\/h2>\t\t\t\t<\/div>\n\t\t\t\t<\/div>\n\t\t\t\t\t<\/div>\n\t\t\t\t<\/div>\n\t\t<div class=\"elementor-element elementor-element-e8d5b3e e-flex e-con-boxed wpr-particle-no wpr-jarallax-no wpr-parallax-no wpr-sticky-section-no e-con e-parent\" data-id=\"e8d5b3e\" data-element_type=\"container\" data-e-type=\"container\">\n\t\t\t\t\t<div class=\"e-con-inner\">\n\t\t<div class=\"elementor-element elementor-element-ef300bb e-con-full e-flex wpr-particle-no wpr-jarallax-no wpr-parallax-no wpr-sticky-section-no e-con e-child\" data-id=\"ef300bb\" data-element_type=\"container\" data-e-type=\"container\">\n\t\t\t\t<div class=\"elementor-element elementor-element-5d6ba80 elementor-widget elementor-widget-html\" data-id=\"5d6ba80\" data-element_type=\"widget\" data-e-type=\"widget\" data-widget_type=\"html.default\">\n\t\t\t\t<div class=\"elementor-widget-container\">\n\t\t\t\t\t<style>\n  .actus-widget {\n    font-family: 'Georgia', serif;\n    padding: 10px 0;\n    display: flex;\n    justify-content: center;\n    width: 100%;\n  }\n\n  .actus-cols {\n    display: flex;\n    gap: 24px;\n    flex-wrap: wrap;\n    width: 100%;\n    max-width: 960px;\n    align-items: stretch;\n  }\n\n  .actus-col {\n    flex: 1;\n    min-width: 240px;\n    display: flex;\n    flex-direction: column;\n  }\n\n  .actus-pdf-link {\n    display: flex;\n    flex-direction: column;\n    flex: 1;\n    text-decoration: none;\n    border-radius: 6px;\n    overflow: hidden;\n    box-shadow: 0 2px 12px rgba(0,0,0,0.12);\n    transition: box-shadow 0.25s ease, transform 0.25s ease;\n    position: relative;\n    background: #f5f5f0;\n  }\n\n  .actus-pdf-link:hover {\n    box-shadow: 0 6px 24px rgba(0,0,0,0.2);\n    transform: translateY(-3px);\n  }\n\n  .actus-pdf-frame-wrap {\n    position: relative;\n    width: 100%;\n    flex: 1;\n    min-height: 420px;\n    overflow: hidden;\n  }\n\n  .actus-pdf-frame-wrap iframe {\n    width: 100%;\n    height: 100%;\n    border: none;\n    pointer-events: none;\n    display: block;\n  }\n\n  \/* overlay transparent pour que le clic sur l'iframe passe au lien parent *\/\n  .actus-pdf-overlay {\n    position: absolute;\n    inset: 0;\n    cursor: pointer;\n    z-index: 2;\n  }\n\n  .actus-pdf-label {\n    display: flex;\n    align-items: center;\n    gap: 8px;\n    padding: 10px 14px;\n    background: #1a2e4a;\n    color: #fff;\n    font-family: Arial, sans-serif;\n    font-size: 0.78rem;\n    font-weight: 600;\n    letter-spacing: 0.03em;\n    text-transform: uppercase;\n  }\n\n  .actus-pdf-label svg {\n    flex-shrink: 0;\n    opacity: 0.8;\n  }\n\n  .actus-pdf-label span {\n    flex: 1;\n  }\n\n  .actus-pdf-label .actus-open-hint {\n    font-size: 0.7rem;\n    opacity: 0.6;\n    font-weight: 400;\n    text-transform: none;\n    white-space: nowrap;\n  }\n<\/style>\n\n<div class=\"actus-widget\">\n  <div class=\"actus-cols\">\n\n    <!-- Colonne gauche : CR CM -->\n    <div class=\"actus-col\">\n      <a class=\"actus-pdf-link\"\n         href=\"https:\/\/bajamont.com\/wp-content\/uploads\/2026\/03\/CR-CM-du-20.03.26_en_attente_validation.pdf\"\n         target=\"_blank\"\n         rel=\"noopener noreferrer\">\n        <div class=\"actus-pdf-frame-wrap\">\n          <iframe\n            src=\"https:\/\/bajamont.com\/wp-content\/uploads\/2026\/03\/CR-CM-du-20.03.26_en_attente_validation.pdf#toolbar=0&navpanes=0&scrollbar=0\"\n            title=\"CR Conseil Municipal du 20\/03\/2026\">\n          <\/iframe>\n          <div class=\"actus-pdf-overlay\"><\/div>\n        <\/div>\n        <div class=\"actus-pdf-label\">\n          <svg width=\"14\" height=\"16\" viewBox=\"0 0 14 16\" fill=\"none\" xmlns=\"http:\/\/www.w3.org\/2000\/svg\">\n            <path d=\"M2 0h7l5 5v11H2V0z\" stroke=\"white\" stroke-width=\"1.2\" fill=\"none\"\/>\n            <path d=\"M9 0v5h5\" stroke=\"white\" stroke-width=\"1.2\" fill=\"none\"\/>\n            <path d=\"M4 8h6M4 11h4\" stroke=\"white\" stroke-width=\"1.2\" stroke-linecap=\"round\"\/>\n          <\/svg>\n          <span>CR Conseil Municipal \u2013 20\/03\/2026<\/span>\n          <span class=\"actus-open-hint\">\u2197 Ouvrir<\/span>\n        <\/div>\n      <\/a>\n    <\/div>\n\n    <!-- Colonne droite : Tableau CM -->\n    <div class=\"actus-col\">\n      <a class=\"actus-pdf-link\"\n         href=\"https:\/\/bajamont.com\/wp-content\/uploads\/2026\/03\/Tableau-du-CM-20.03.26.pdf\"\n         target=\"_blank\"\n         rel=\"noopener noreferrer\">\n        <div class=\"actus-pdf-frame-wrap\">\n          <iframe\n            src=\"https:\/\/bajamont.com\/wp-content\/uploads\/2026\/03\/Tableau-du-CM-20.03.26.pdf#toolbar=0&navpanes=0&scrollbar=0\"\n            title=\"Tableau Conseil Municipal du 20\/03\/2026\">\n          <\/iframe>\n          <div class=\"actus-pdf-overlay\"><\/div>\n        <\/div>\n        <div class=\"actus-pdf-label\">\n          <svg width=\"14\" height=\"16\" viewBox=\"0 0 14 16\" fill=\"none\" xmlns=\"http:\/\/www.w3.org\/2000\/svg\">\n            <path d=\"M2 0h7l5 5v11H2V0z\" stroke=\"white\" stroke-width=\"1.2\" fill=\"none\"\/>\n            <path d=\"M9 0v5h5\" stroke=\"white\" stroke-width=\"1.2\" fill=\"none\"\/>\n            <path d=\"M4 8h6M4 11h4\" stroke=\"white\" stroke-width=\"1.2\" stroke-linecap=\"round\"\/>\n          <\/svg>\n          <span>Tableau CM \u2013 20\/03\/2026<\/span>\n          <span class=\"actus-open-hint\">\u2197 Ouvrir<\/span>\n        <\/div>\n      <\/a>\n    <\/div>\n\n  <\/div>\n<\/div>\t\t\t\t<\/div>\n\t\t\t\t<\/div>\n\t\t\t\t<\/div>\n\t\t\t\t<div class=\"elementor-element elementor-element-51cb43a elementor-posts--align-left elementor-grid-4 elementor-grid-tablet-2 elementor-grid-mobile-1 elementor-posts--thumbnail-top elementor-card-shadow-yes elementor-posts__hover-gradient elementor-widget elementor-widget-posts\" data-id=\"51cb43a\" data-element_type=\"widget\" data-e-type=\"widget\" data-settings=\"{&quot;cards_columns&quot;:&quot;4&quot;,&quot;cards_columns_tablet&quot;:&quot;2&quot;,&quot;cards_columns_mobile&quot;:&quot;1&quot;,&quot;cards_row_gap&quot;:{&quot;unit&quot;:&quot;px&quot;,&quot;size&quot;:35,&quot;sizes&quot;:[]},&quot;cards_row_gap_laptop&quot;:{&quot;unit&quot;:&quot;px&quot;,&quot;size&quot;:&quot;&quot;,&quot;sizes&quot;:[]},&quot;cards_row_gap_tablet&quot;:{&quot;unit&quot;:&quot;px&quot;,&quot;size&quot;:&quot;&quot;,&quot;sizes&quot;:[]},&quot;cards_row_gap_mobile&quot;:{&quot;unit&quot;:&quot;px&quot;,&quot;size&quot;:&quot;&quot;,&quot;sizes&quot;:[]}}\" data-widget_type=\"posts.cards\">\n\t\t\t\t<div class=\"elementor-widget-container\">\n\t\t\t\t\t\t\t<div class=\"elementor-posts-container elementor-posts elementor-posts--skin-cards elementor-grid\" role=\"list\">\n\t\t\t\t<article class=\"elementor-post elementor-grid-item post-4689 post type-post status-publish format-standard has-post-thumbnail hentry category-vie-communautaire\" role=\"listitem\">\n\t\t\t<div class=\"elementor-post__card\">\n\t\t\t\t<a class=\"elementor-post__thumbnail__link\" href=\"https:\/\/bajamont.com\/index.php\/2026\/04\/03\/avis-denquete-publique-2\/\" tabindex=\"-1\" target=\"_blank\"><div class=\"elementor-post__thumbnail\"><img fetchpriority=\"high\" decoding=\"async\" width=\"960\" height=\"565\" src=\"https:\/\/bajamont.com\/wp-content\/uploads\/2026\/04\/Capture-decran-2026-04-03-a-16.20.42-1024x603.png\" class=\"attachment-large size-large wp-image-4690\" alt=\"\" srcset=\"https:\/\/bajamont.com\/wp-content\/uploads\/2026\/04\/Capture-decran-2026-04-03-a-16.20.42-1024x603.png 1024w, https:\/\/bajamont.com\/wp-content\/uploads\/2026\/04\/Capture-decran-2026-04-03-a-16.20.42-300x177.png 300w, https:\/\/bajamont.com\/wp-content\/uploads\/2026\/04\/Capture-decran-2026-04-03-a-16.20.42-768x452.png 768w, https:\/\/bajamont.com\/wp-content\/uploads\/2026\/04\/Capture-decran-2026-04-03-a-16.20.42.png 1026w\" sizes=\"(max-width: 960px) 100vw, 960px\" \/><\/div><\/a>\n\t\t\t\t<div class=\"elementor-post__badge\">Vie communautaire<\/div>\n\t\t\t\t<div class=\"elementor-post__text\">\n\t\t\t\t<h3 class=\"elementor-post__title\">\n\t\t\t<a href=\"https:\/\/bajamont.com\/index.php\/2026\/04\/03\/avis-denquete-publique-2\/\" target=&quot;_blank&quot;>\n\t\t\t\tAvis d&rsquo;enqu\u00eate publique\t\t\t<\/a>\n\t\t<\/h3>\n\t\t\n\t\t<a class=\"elementor-post__read-more\" href=\"https:\/\/bajamont.com\/index.php\/2026\/04\/03\/avis-denquete-publique-2\/\" aria-label=\"Read more about Avis d&rsquo;enqu\u00eate publique\" tabindex=\"-1\" target=\"_blank\">\n\t\t\tLire plus \u00bb\t\t<\/a>\n\n\t\t\t\t<\/div>\n\t\t\t\t<div class=\"elementor-post__meta-data\">\n\t\t\t\t\t<span class=\"elementor-post-date\">\n\t\t\t3 avril 2026\t\t<\/span>\n\t\t\t\t<span class=\"elementor-post-avatar\">\n\t\t\tAucun commentaire\t\t<\/span>\n\t\t\t\t<\/div>\n\t\t\t\t\t<\/div>\n\t\t<\/article>\n\t\t\t\t<article class=\"elementor-post elementor-grid-item post-4699 post type-post status-publish format-standard has-post-thumbnail hentry category-vie-communautaire\" role=\"listitem\">\n\t\t\t<div class=\"elementor-post__card\">\n\t\t\t\t<a class=\"elementor-post__thumbnail__link\" href=\"https:\/\/bajamont.com\/index.php\/2026\/04\/02\/concert-polyphonique\/\" tabindex=\"-1\" target=\"_blank\"><div class=\"elementor-post__thumbnail\"><img decoding=\"async\" width=\"592\" height=\"354\" src=\"https:\/\/bajamont.com\/wp-content\/uploads\/2026\/04\/Capture-decran-2026-04-03-a-16.27.42.png\" class=\"attachment-large size-large wp-image-4700\" alt=\"\" srcset=\"https:\/\/bajamont.com\/wp-content\/uploads\/2026\/04\/Capture-decran-2026-04-03-a-16.27.42.png 592w, https:\/\/bajamont.com\/wp-content\/uploads\/2026\/04\/Capture-decran-2026-04-03-a-16.27.42-300x179.png 300w\" sizes=\"(max-width: 592px) 100vw, 592px\" \/><\/div><\/a>\n\t\t\t\t<div class=\"elementor-post__badge\">Vie communautaire<\/div>\n\t\t\t\t<div class=\"elementor-post__text\">\n\t\t\t\t<h3 class=\"elementor-post__title\">\n\t\t\t<a href=\"https:\/\/bajamont.com\/index.php\/2026\/04\/02\/concert-polyphonique\/\" target=&quot;_blank&quot;>\n\t\t\t\tConcert Polyphonique\t\t\t<\/a>\n\t\t<\/h3>\n\t\t\n\t\t<a class=\"elementor-post__read-more\" href=\"https:\/\/bajamont.com\/index.php\/2026\/04\/02\/concert-polyphonique\/\" aria-label=\"Read more about Concert Polyphonique\" tabindex=\"-1\" target=\"_blank\">\n\t\t\tLire plus \u00bb\t\t<\/a>\n\n\t\t\t\t<\/div>\n\t\t\t\t<div class=\"elementor-post__meta-data\">\n\t\t\t\t\t<span class=\"elementor-post-date\">\n\t\t\t2 avril 2026\t\t<\/span>\n\t\t\t\t<span class=\"elementor-post-avatar\">\n\t\t\tAucun commentaire\t\t<\/span>\n\t\t\t\t<\/div>\n\t\t\t\t\t<\/div>\n\t\t<\/article>\n\t\t\t\t<article class=\"elementor-post elementor-grid-item post-4695 post type-post status-publish format-standard has-post-thumbnail hentry category-vie-communautaire\" role=\"listitem\">\n\t\t\t<div class=\"elementor-post__card\">\n\t\t\t\t<a class=\"elementor-post__thumbnail__link\" href=\"https:\/\/bajamont.com\/index.php\/2026\/04\/01\/lagupie-sports\/\" tabindex=\"-1\" target=\"_blank\"><div class=\"elementor-post__thumbnail\"><img decoding=\"async\" width=\"578\" height=\"291\" src=\"https:\/\/bajamont.com\/wp-content\/uploads\/2026\/04\/Capture-decran-2026-04-03-a-16.25.50.png\" class=\"attachment-large size-large wp-image-4697\" alt=\"\" srcset=\"https:\/\/bajamont.com\/wp-content\/uploads\/2026\/04\/Capture-decran-2026-04-03-a-16.25.50.png 578w, https:\/\/bajamont.com\/wp-content\/uploads\/2026\/04\/Capture-decran-2026-04-03-a-16.25.50-300x151.png 300w\" sizes=\"(max-width: 578px) 100vw, 578px\" \/><\/div><\/a>\n\t\t\t\t<div class=\"elementor-post__badge\">Vie communautaire<\/div>\n\t\t\t\t<div class=\"elementor-post__text\">\n\t\t\t\t<h3 class=\"elementor-post__title\">\n\t\t\t<a href=\"https:\/\/bajamont.com\/index.php\/2026\/04\/01\/lagupie-sports\/\" target=&quot;_blank&quot;>\n\t\t\t\tLAGUPIE SPORTS\t\t\t<\/a>\n\t\t<\/h3>\n\t\t\n\t\t<a class=\"elementor-post__read-more\" href=\"https:\/\/bajamont.com\/index.php\/2026\/04\/01\/lagupie-sports\/\" aria-label=\"Read more about LAGUPIE SPORTS\" tabindex=\"-1\" target=\"_blank\">\n\t\t\tLire plus \u00bb\t\t<\/a>\n\n\t\t\t\t<\/div>\n\t\t\t\t<div class=\"elementor-post__meta-data\">\n\t\t\t\t\t<span class=\"elementor-post-date\">\n\t\t\t1 avril 2026\t\t<\/span>\n\t\t\t\t<span class=\"elementor-post-avatar\">\n\t\t\tAucun commentaire\t\t<\/span>\n\t\t\t\t<\/div>\n\t\t\t\t\t<\/div>\n\t\t<\/article>\n\t\t\t\t<article class=\"elementor-post elementor-grid-item post-4683 post type-post status-publish format-standard hentry category-vie-communautaire\" role=\"listitem\">\n\t\t\t<div class=\"elementor-post__card\">\n\t\t\t\t<div class=\"elementor-post__text\">\n\t\t\t\t<h3 class=\"elementor-post__title\">\n\t\t\t<a href=\"https:\/\/bajamont.com\/index.php\/2026\/03\/30\/votre-dechetterie-inove\/\" target=&quot;_blank&quot;>\n\t\t\t\tVotre d\u00e9chetterie Inove&#8230;\t\t\t<\/a>\n\t\t<\/h3>\n\t\t\n\t\t<a class=\"elementor-post__read-more\" href=\"https:\/\/bajamont.com\/index.php\/2026\/03\/30\/votre-dechetterie-inove\/\" aria-label=\"Read more about Votre d\u00e9chetterie Inove&#8230;\" tabindex=\"-1\" target=\"_blank\">\n\t\t\tLire plus \u00bb\t\t<\/a>\n\n\t\t\t\t<\/div>\n\t\t\t\t<div class=\"elementor-post__meta-data\">\n\t\t\t\t\t<span class=\"elementor-post-date\">\n\t\t\t30 mars 2026\t\t<\/span>\n\t\t\t\t<span class=\"elementor-post-avatar\">\n\t\t\tAucun commentaire\t\t<\/span>\n\t\t\t\t<\/div>\n\t\t\t\t\t<\/div>\n\t\t<\/article>\n\t\t\t\t<\/div>\n\t\t\n\t\t\t\t\t\t<\/div>\n\t\t\t\t<\/div>\n\t\t\t\t\t<\/div>\n\t\t\t\t<\/div>\n\t\t<div class=\"elementor-element elementor-element-4012747 e-flex e-con-boxed wpr-particle-no wpr-jarallax-no wpr-parallax-no wpr-sticky-section-no e-con e-parent\" data-id=\"4012747\" data-element_type=\"container\" data-e-type=\"container\">\n\t\t\t\t\t<div class=\"e-con-inner\">\n\t\t\t\t<div class=\"elementor-element elementor-element-e260be6 elementor-widget-divider--view-line elementor-widget elementor-widget-divider\" data-id=\"e260be6\" data-element_type=\"widget\" data-e-type=\"widget\" data-widget_type=\"divider.default\">\n\t\t\t\t<div class=\"elementor-widget-container\">\n\t\t\t\t\t\t\t<div class=\"elementor-divider\">\n\t\t\t<span class=\"elementor-divider-separator\">\n\t\t\t\t\t\t<\/span>\n\t\t<\/div>\n\t\t\t\t\t\t<\/div>\n\t\t\t\t<\/div>\n\t\t\t\t\t<\/div>\n\t\t\t\t<\/div>\n\t\t\t\t<section class=\"elementor-section elementor-top-section elementor-element elementor-element-12568a6 elementor-section-content-middle elementor-hidden-desktop elementor-hidden-laptop elementor-hidden-tablet elementor-hidden-mobile elementor-section-boxed elementor-section-height-default elementor-section-height-default wpr-particle-no wpr-jarallax-no wpr-parallax-no wpr-sticky-section-no\" data-id=\"12568a6\" data-element_type=\"section\" data-e-type=\"section\">\n\t\t\t\t\t\t<div class=\"elementor-container elementor-column-gap-default\">\n\t\t\t\t\t<div class=\"elementor-column elementor-col-50 elementor-top-column elementor-element elementor-element-f401245\" data-id=\"f401245\" data-element_type=\"column\" data-e-type=\"column\">\n\t\t\t<div class=\"elementor-widget-wrap elementor-element-populated\">\n\t\t\t\t\t\t<div class=\"elementor-element elementor-element-beeedf6 elementor-widget elementor-widget-heading\" data-id=\"beeedf6\" data-element_type=\"widget\" data-e-type=\"widget\" data-widget_type=\"heading.default\">\n\t\t\t\t<div class=\"elementor-widget-container\">\n\t\t\t\t\t<h2 class=\"elementor-heading-title elementor-size-default\"><a href=\"https:\/\/bajamont.com\/index.php\/2024\/01\/22\/collecte-des-ordures-menageres-2024\/\">Collecte des ordures m\u00e9nag\u00e8res 2024<\/a><\/h2>\t\t\t\t<\/div>\n\t\t\t\t<\/div>\n\t\t\t\t\t<\/div>\n\t\t<\/div>\n\t\t\t\t<div class=\"elementor-column elementor-col-50 elementor-top-column elementor-element elementor-element-e8c2157\" data-id=\"e8c2157\" data-element_type=\"column\" data-e-type=\"column\">\n\t\t\t<div class=\"elementor-widget-wrap elementor-element-populated\">\n\t\t\t\t\t\t<div class=\"elementor-element elementor-element-4adfff3 elementor-widget elementor-widget-image\" data-id=\"4adfff3\" data-element_type=\"widget\" data-e-type=\"widget\" data-widget_type=\"image.default\">\n\t\t\t\t<div class=\"elementor-widget-container\">\n\t\t\t\t\t\t\t\t\t\t\t\t\t\t\t\t<a href=\"https:\/\/bajamont.com\/index.php\/2024\/01\/22\/collecte-des-ordures-menageres-2024\/\">\n\t\t\t\t\t\t\t<img loading=\"lazy\" decoding=\"async\" width=\"960\" height=\"478\" src=\"https:\/\/bajamont.com\/wp-content\/uploads\/2024\/06\/Capture-decran-2024-06-09-a-10.54.44-1024x510.png\" class=\"attachment-large size-large wp-image-3175\" alt=\"orduresmenageres\" srcset=\"https:\/\/bajamont.com\/wp-content\/uploads\/2024\/06\/Capture-decran-2024-06-09-a-10.54.44-1024x510.png 1024w, https:\/\/bajamont.com\/wp-content\/uploads\/2024\/06\/Capture-decran-2024-06-09-a-10.54.44-300x149.png 300w, https:\/\/bajamont.com\/wp-content\/uploads\/2024\/06\/Capture-decran-2024-06-09-a-10.54.44-768x383.png 768w, https:\/\/bajamont.com\/wp-content\/uploads\/2024\/06\/Capture-decran-2024-06-09-a-10.54.44-1536x765.png 1536w, https:\/\/bajamont.com\/wp-content\/uploads\/2024\/06\/Capture-decran-2024-06-09-a-10.54.44.png 1706w\" sizes=\"(max-width: 960px) 100vw, 960px\" \/>\t\t\t\t\t\t\t\t<\/a>\n\t\t\t\t\t\t\t\t\t\t\t\t\t\t\t<\/div>\n\t\t\t\t<\/div>\n\t\t\t\t\t<\/div>\n\t\t<\/div>\n\t\t\t\t\t<\/div>\n\t\t<\/section>\n\t\t<div class=\"elementor-element elementor-element-9e216dd elementor-hidden-desktop elementor-hidden-laptop elementor-hidden-tablet elementor-hidden-mobile e-flex e-con-boxed wpr-particle-no wpr-jarallax-no wpr-parallax-no wpr-sticky-section-no e-con e-parent\" data-id=\"9e216dd\" data-element_type=\"container\" data-e-type=\"container\">\n\t\t\t\t\t<div class=\"e-con-inner\">\n\t\t\t\t<div class=\"elementor-element elementor-element-5c029fe elementor-widget-divider--view-line elementor-widget elementor-widget-divider\" data-id=\"5c029fe\" data-element_type=\"widget\" data-e-type=\"widget\" data-widget_type=\"divider.default\">\n\t\t\t\t<div class=\"elementor-widget-container\">\n\t\t\t\t\t\t\t<div class=\"elementor-divider\">\n\t\t\t<span class=\"elementor-divider-separator\">\n\t\t\t\t\t\t<\/span>\n\t\t<\/div>\n\t\t\t\t\t\t<\/div>\n\t\t\t\t<\/div>\n\t\t\t\t\t<\/div>\n\t\t\t\t<\/div>\n\t\t\t\t<section class=\"elementor-section elementor-top-section elementor-element elementor-element-b5396ea elementor-section-boxed elementor-section-height-default elementor-section-height-default wpr-particle-no wpr-jarallax-no wpr-parallax-no wpr-sticky-section-no\" data-id=\"b5396ea\" data-element_type=\"section\" data-e-type=\"section\">\n\t\t\t\t\t\t<div class=\"elementor-container elementor-column-gap-default\">\n\t\t\t\t\t<div class=\"elementor-column elementor-col-50 elementor-top-column elementor-element elementor-element-b9e405d\" data-id=\"b9e405d\" data-element_type=\"column\" data-e-type=\"column\">\n\t\t\t<div class=\"elementor-widget-wrap elementor-element-populated\">\n\t\t\t\t\t\t<div class=\"elementor-element elementor-element-70dbb66 elementor-widget elementor-widget-heading\" data-id=\"70dbb66\" data-element_type=\"widget\" data-e-type=\"widget\" data-widget_type=\"heading.default\">\n\t\t\t\t<div class=\"elementor-widget-container\">\n\t\t\t\t\t<h2 class=\"elementor-heading-title elementor-size-default\">Retrouvez toutes les actualit\u00e9s de votre commune pr\u00e9f\u00e9r\u00e9e.<\/h2>\t\t\t\t<\/div>\n\t\t\t\t<\/div>\n\t\t\t\t\t<\/div>\n\t\t<\/div>\n\t\t\t\t<div class=\"elementor-column elementor-col-50 elementor-top-column elementor-element elementor-element-671c38c\" data-id=\"671c38c\" data-element_type=\"column\" data-e-type=\"column\">\n\t\t\t<div class=\"elementor-widget-wrap elementor-element-populated\">\n\t\t\t\t\t\t<div class=\"elementor-element elementor-element-a8dacee elementor-widget elementor-widget-text-editor\" data-id=\"a8dacee\" data-element_type=\"widget\" data-e-type=\"widget\" data-widget_type=\"text-editor.default\">\n\t\t\t\t<div class=\"elementor-widget-container\">\n\t\t\t\t\t\t\t\t\t<p>Ba<b>jamont, une commune en mouvement !<\/b> Restez inform\u00e9 des derniers \u00e9v\u00e9nements, projets et nouveaut\u00e9s qui animent notre belle commune. Des festivit\u00e9s locales aux r\u00e9unions du conseil municipal, en passant par les initiatives associatives et les mises \u00e0 jour sur les services publics, vous trouverez ici tout ce qui fait la vie de Bajamont. Notre rubrique actualit\u00e9s est votre source fiable pour tout savoir sur les \u00e9v\u00e9nements \u00e0 venir, les annonces importantes et les r\u00e9alisations qui fa\u00e7onnent notre communaut\u00e9. Restez connect\u00e9 avec Bajamont, l\u00e0 o\u00f9 tradition et avenir se rencontrent.&nbsp;<\/p>\t\t\t\t\t\t\t\t<\/div>\n\t\t\t\t<\/div>\n\t\t\t\t\t<\/div>\n\t\t<\/div>\n\t\t\t\t\t<\/div>\n\t\t<\/section>\n\t\t\t\t<\/div>\n\t\t","protected":false},"excerpt":{"rendered":"<p>Bienvenue La commune de Bajamont Au coeur de la nature et de l&rsquo;Histoire. Les derni\u00e8res actus CR Conseil Municipal \u2013 20\/03\/2026 \u2197 Ouvrir Tableau CM \u2013 20\/03\/2026 \u2197 Ouvrir Collecte des ordures m\u00e9nag\u00e8res 2024 Retrouvez toutes les actualit\u00e9s de votre commune pr\u00e9f\u00e9r\u00e9e. Bajamont, une commune en mouvement ! Restez inform\u00e9 des derniers \u00e9v\u00e9nements, projets et nouveaut\u00e9s qui animent notre belle commune. Des festivit\u00e9s locales aux r\u00e9unions du conseil municipal, en passant par les initiatives associatives et les mises \u00e0 jour sur les services publics, vous trouverez ici tout ce qui fait la vie de Bajamont. Notre rubrique actualit\u00e9s est votre source fiable pour tout savoir sur les \u00e9v\u00e9nements \u00e0 venir, les annonces importantes et les r\u00e9alisations qui fa\u00e7onnent notre communaut\u00e9. Restez connect\u00e9 avec Bajamont, l\u00e0 o\u00f9 tradition et avenir se rencontrent.&nbsp;<\/p>\n","protected":false},"author":1,"featured_media":0,"parent":0,"menu_order":0,"comment_status":"closed","ping_status":"closed","template":"elementor_canvas","meta":{"footnotes":""},"class_list":["post-6","page","type-page","status-publish","hentry"],"_links":{"self":[{"href":"https:\/\/bajamont.com\/index.php\/wp-json\/wp\/v2\/pages\/6","targetHints":{"allow":["GET"]}}],"collection":[{"href":"https:\/\/bajamont.com\/index.php\/wp-json\/wp\/v2\/pages"}],"about":[{"href":"https:\/\/bajamont.com\/index.php\/wp-json\/wp\/v2\/types\/page"}],"author":[{"embeddable":true,"href":"https:\/\/bajamont.com\/index.php\/wp-json\/wp\/v2\/users\/1"}],"replies":[{"embeddable":true,"href":"https:\/\/bajamont.com\/index.php\/wp-json\/wp\/v2\/comments?post=6"}],"version-history":[{"count":171,"href":"https:\/\/bajamont.com\/index.php\/wp-json\/wp\/v2\/pages\/6\/revisions"}],"predecessor-version":[{"id":4659,"href":"https:\/\/bajamont.com\/index.php\/wp-json\/wp\/v2\/pages\/6\/revisions\/4659"}],"wp:attachment":[{"href":"https:\/\/bajamont.com\/index.php\/wp-json\/wp\/v2\/media?parent=6"}],"curies":[{"name":"wp","href":"https:\/\/api.w.org\/{rel}","templated":true}]}}